{"id":1124,"date":"2023-02-27T11:58:20","date_gmt":"2023-02-27T11:58:20","guid":{"rendered":"https:\/\/licorplataoplomo.com\/cocktails\/"},"modified":"2023-02-28T12:26:07","modified_gmt":"2023-02-28T12:26:07","slug":"cocktails","status":"publish","type":"page","link":"https:\/\/licorplataoplomo.com\/en\/cocktails\/","title":{"rendered":"Cocktails"},"content":{"rendered":"\t\t\t<div \n\t\t\tclass=\"yotu-playlist yotuwp yotu-limit-min yotu-limit-max   yotu-thumb-169  yotu-template-grid\" \n\t\t\tdata-page=\"1\"\n\t\t\tid=\"yotuwp-69e826c06e5f2\"\n\t\t\tdata-yotu=\"69e826c0b0537\"\n\t\t\tdata-total=\"1\"\n\t\t\tdata-settings=\"eyJ0eXBlIjoicGxheWxpc3QiLCJpZCI6IlBMUUpTR19WVl9uVjlOZVFDWm1lalZzeXFJcm10WEIyd0wiLCJwYWdpbmF0aW9uIjoib24iLCJwYWdpdHlwZSI6ImxvYWRtb3JlIiwiY29sdW1uIjoiMyIsInBlcl9wYWdlIjoiOSIsInRlbXBsYXRlIjoiZ3JpZCIsInRpdGxlIjoib24iLCJkZXNjcmlwdGlvbiI6Im9mZiIsInRodW1icmF0aW8iOiIxNjkiLCJtZXRhIjoib2ZmIiwibWV0YV9kYXRhIjoib2ZmIiwibWV0YV9wb3NpdGlvbiI6Im9mZiIsImRhdGVfZm9ybWF0Ijoib2ZmIiwibWV0YV9hbGlnbiI6Im9mZiIsInN1YnNjcmliZSI6Im9mZiIsImR1cmF0aW9uIjoib2ZmIiwibWV0YV9pY29uIjoib2ZmIiwibmV4dHRleHQiOiIiLCJwcmV2dGV4dCI6IiIsImxvYWRtb3JldGV4dCI6IiIsInBsYXllciI6eyJtb2RlIjoibGFyZ2UiLCJ3aWR0aCI6IjYwMCIsInNjcm9sbGluZyI6IjEwMCIsImF1dG9wbGF5IjoxLCJjb250cm9scyI6MSwibW9kZXN0YnJhbmRpbmciOjEsImxvb3AiOjAsImF1dG9uZXh0IjoxLCJzaG93aW5mbyI6MCwicmVsIjowLCJwbGF5aW5nIjoxLCJwbGF5aW5nX2Rlc2NyaXB0aW9uIjoxLCJ0aHVtYm5haWxzIjowLCJjY19sb2FkX3BvbGljeSI6IjEiLCJjY19sYW5nX3ByZWYiOiIxIiwiaGwiOiIiLCJpdl9sb2FkX3BvbGljeSI6IjEifSwibGFzdF90YWIiOiJlZmZlY3RzIiwidXNlX2FzX21vZGFsIjoib2ZmIiwibW9kYWxfaWQiOiJvZmYiLCJsYXN0X3VwZGF0ZSI6IjE2Nzc1MDk1ODYiLCJzdHlsaW5nIjp7InBhZ2VyX2xheW91dCI6ImRlZmF1bHQiLCJidXR0b24iOiIzIiwiYnV0dG9uX2NvbG9yIjoiIiwiYnV0dG9uX2JnX2NvbG9yIjoiIiwiYnV0dG9uX2NvbG9yX2hvdmVyIjoiIiwiYnV0dG9uX2JnX2NvbG9yX2hvdmVyIjoiIiwidmlkZW9fc3R5bGUiOiIiLCJwbGF5aWNvbl9jb2xvciI6IiIsImhvdmVyX2ljb24iOiIiLCJnYWxsZXJ5X2JnIjoiIn0sImVmZmVjdHMiOnsidmlkZW9fYm94IjoieXRlZi1yb3RhdGUiLCJmbGlwX2VmZmVjdCI6IiJ9LCJnYWxsZXJ5X2lkIjoiNjllODI2YzA2ZTVmMiIsIm5leHQiOiIiLCJwcmV2IjoiIn0=\"\n\t\t\tdata-player=\"large\"\n\t\t\tdata-showdesc=\"off\" >\n\t\t\t\t<div>\n\t\t\t\t\t\t\t\t\t\t<div class=\"yotu-wrapper-player\" style=\"width:600px\">\n\t\t\t\t\t\t\t\t\t\t\t\t\t<div class=\"yotu-playing\">\n\t\t\t\t\t\t\t\tMARGARITA PLATA O PLOMO\t\t\t\t\t\t\t<\/div>\n\t\t\t\t\t\t\t\t\t\t\t\t<div class=\"yotu-player\">\n\t\t\t\t\t\t\t<div class=\"yotu-video-placeholder\" id=\"yotu-player-69e826c0b0537\"><\/div>\n\t\t\t\t\t\t<\/div>\n\t\t\t\t\t\t<div class=\"yotu-playing-status\"><\/div>\n\t\t\t\t\t\t\t\t\t\t\t\t<div class=\"yotu-playing-description\">\n\t\t\t\t\t\t\tVersionamos un cl\u00e1sico para darle un poco de Plomo!<br \/>\n<br \/>\nJose Mutilva Morneal Campe\u00f3n de Espa\u00f1a de Cocteler\u00eda en 2013 es el mejor exponente de Plomo Kultura, la cultura del todo o nada.<br \/>\n<br \/>\nPara la realizaci\u00f3n del cocktail ha usado los siguientes ingredientes:<br \/>\n<br \/>\n\u2014 4 cl de LICOR PLATA O PLOMO<br \/>\n\u2014 4 cl de TEQUILA SILVER<br \/>\n\u2014 2 cl de TRIPLE SECO<br \/>\n\u2014 1 cl de SIROPE AHUMADO DE CA\u00d1A<br \/>\n\u2014 4 cl de ZUMO DE LIMA reci\u00e9n exprimida<br \/>\n\u2014 2 dash de BITTER DE NARANJA<br \/>\n<br \/>\nY RECUERDA: \"El d\u00eda que vayas a hacer algo malo, hazlo bien hecho\"<br \/>\n\u2192 M\u00e1s informaci\u00f3n sobre Plata o Plomo Licor en: https:\/\/www.licorplataoplomo.com\/<br \/>\n<br \/>\n#sinmiedo #plataoplomo #cocktails #joseMutilvaMonreal\t\t\t\t\t\t<\/div>\n\t\t\t\t\t\t\t\t\t\t\t<\/div>\n\n\t\t\t\t\t<div class=\"yotu-videos yotu-mode-grid yotu-column-3 yotu-player-mode-large\">\n\t<ul>\n\t\t\t\t\t<li class=\" yotu-first\">\n\t\t\t\t\t\t\t\t<a href=\"#1bGau-hDOVg\" class=\"yotu-video ytef-rotate\" data-videoid=\"1bGau-hDOVg\" data-title=\"MARGARITA PLATA O PLOMO\" title=\"MARGARITA PLATA O PLOMO\">\n\t\t\t\t\t<div class=\"yotu-video-thumb-wrp\">\n\t\t\t\t\t\t<div>\n\t\t\t\t\t\t\t\t\t\t\t\t\t\t<img decoding=\"async\" class=\"yotu-video-thumb\" src=\"https:\/\/i.ytimg.com\/vi\/1bGau-hDOVg\/sddefault.jpg\" alt=\"MARGARITA PLATA O PLOMO\">\t\n\t\t\t\t\t\t\t\t\t\t\t\t\t<\/div>\n\t\t\t\t\t<\/div>\n\t\t\t\t\t\t\t\t\t\t\t<h3 class=\"yotu-video-title\">MARGARITA PLATA O PLOMO<\/h3>\n\t\t\t\t\t\t\t\t\t\t\t\t\t\t\t\t\t\t\t<\/a>\n\t\t\t\t\t\t\t<\/li>\n\t\t\t\t\n\t\t\t\t\t\t<li class=\"\">\n\t\t\t\t\t\t\t\t<a href=\"#2JoXOduHHDs\" class=\"yotu-video ytef-rotate\" data-videoid=\"2JoXOduHHDs\" data-title=\"RED BULL O PLOMO\" title=\"RED BULL O PLOMO\">\n\t\t\t\t\t<div class=\"yotu-video-thumb-wrp\">\n\t\t\t\t\t\t<div>\n\t\t\t\t\t\t\t\t\t\t\t\t\t\t<img decoding=\"async\" class=\"yotu-video-thumb\" src=\"https:\/\/i.ytimg.com\/vi\/2JoXOduHHDs\/sddefault.jpg\" alt=\"RED BULL O PLOMO\">\t\n\t\t\t\t\t\t\t\t\t\t\t\t\t<\/div>\n\t\t\t\t\t<\/div>\n\t\t\t\t\t\t\t\t\t\t\t<h3 class=\"yotu-video-title\">RED BULL O PLOMO<\/h3>\n\t\t\t\t\t\t\t\t\t\t\t\t\t\t\t\t\t\t\t<\/a>\n\t\t\t\t\t\t\t<\/li>\n\t\t\t\t\n\t\t\t\t\t\t<li class=\"\">\n\t\t\t\t\t\t\t\t<a href=\"#8gZ24GsGb3o\" class=\"yotu-video ytef-rotate\" data-videoid=\"8gZ24GsGb3o\" data-title=\"ECLIPSE PLATA O PLOMO\" title=\"ECLIPSE PLATA O PLOMO\">\n\t\t\t\t\t<div class=\"yotu-video-thumb-wrp\">\n\t\t\t\t\t\t<div>\n\t\t\t\t\t\t\t\t\t\t\t\t\t\t<img decoding=\"async\" class=\"yotu-video-thumb\" src=\"https:\/\/i.ytimg.com\/vi\/8gZ24GsGb3o\/hqdefault.jpg\" alt=\"ECLIPSE PLATA O PLOMO\">\t\n\t\t\t\t\t\t\t\t\t\t\t\t\t<\/div>\n\t\t\t\t\t<\/div>\n\t\t\t\t\t\t\t\t\t\t\t<h3 class=\"yotu-video-title\">ECLIPSE PLATA O PLOMO<\/h3>\n\t\t\t\t\t\t\t\t\t\t\t\t\t\t\t\t\t\t\t<\/a>\n\t\t\t\t\t\t\t<\/li>\n\t\t\t\t\n\t\t\t\t\t\t<li class=\"\">\n\t\t\t\t\t\t\t\t<a href=\"#QMildyBPN3c\" class=\"yotu-video ytef-rotate\" data-videoid=\"QMildyBPN3c\" data-title=\"PLATA O PLOMO SOUR\" title=\"PLATA O PLOMO SOUR\">\n\t\t\t\t\t<div class=\"yotu-video-thumb-wrp\">\n\t\t\t\t\t\t<div>\n\t\t\t\t\t\t\t\t\t\t\t\t\t\t<img decoding=\"async\" class=\"yotu-video-thumb\" src=\"https:\/\/i.ytimg.com\/vi\/QMildyBPN3c\/hqdefault.jpg\" alt=\"PLATA O PLOMO SOUR\">\t\n\t\t\t\t\t\t\t\t\t\t\t\t\t<\/div>\n\t\t\t\t\t<\/div>\n\t\t\t\t\t\t\t\t\t\t\t<h3 class=\"yotu-video-title\">PLATA O PLOMO SOUR<\/h3>\n\t\t\t\t\t\t\t\t\t\t\t\t\t\t\t\t\t\t\t<\/a>\n\t\t\t\t\t\t\t<\/li>\n\t\t\t\t\n\t\t\t\t\t\t<li class=\"\">\n\t\t\t\t\t\t\t\t<a href=\"#VY-yGDtnD5Y\" class=\"yotu-video ytef-rotate\" data-videoid=\"VY-yGDtnD5Y\" data-title=\"PLATA O PLOMO PASSION COCKTAIL\" title=\"PLATA O PLOMO PASSION COCKTAIL\">\n\t\t\t\t\t<div class=\"yotu-video-thumb-wrp\">\n\t\t\t\t\t\t<div>\n\t\t\t\t\t\t\t\t\t\t\t\t\t\t<img decoding=\"async\" class=\"yotu-video-thumb\" src=\"https:\/\/i.ytimg.com\/vi\/VY-yGDtnD5Y\/sddefault.jpg\" alt=\"PLATA O PLOMO PASSION COCKTAIL\">\t\n\t\t\t\t\t\t\t\t\t\t\t\t\t<\/div>\n\t\t\t\t\t<\/div>\n\t\t\t\t\t\t\t\t\t\t\t<h3 class=\"yotu-video-title\">PLATA O PLOMO PASSION COCKTAIL<\/h3>\n\t\t\t\t\t\t\t\t\t\t\t\t\t\t\t\t\t\t\t<\/a>\n\t\t\t\t\t\t\t<\/li>\n\t\t\t\t\n\t\t\t\t\t\t<li class=\" yotu-last\">\n\t\t\t\t\t\t\t\t<a href=\"#VpOkboYu2e0\" class=\"yotu-video ytef-rotate\" data-videoid=\"VpOkboYu2e0\" data-title=\"MUT\u00b4s PLOMO\" title=\"MUT\u00b4s PLOMO\">\n\t\t\t\t\t<div class=\"yotu-video-thumb-wrp\">\n\t\t\t\t\t\t<div>\n\t\t\t\t\t\t\t\t\t\t\t\t\t\t<img decoding=\"async\" class=\"yotu-video-thumb\" src=\"https:\/\/i.ytimg.com\/vi\/VpOkboYu2e0\/sddefault.jpg\" alt=\"MUT\u00b4s PLOMO\">\t\n\t\t\t\t\t\t\t\t\t\t\t\t\t<\/div>\n\t\t\t\t\t<\/div>\n\t\t\t\t\t\t\t\t\t\t\t<h3 class=\"yotu-video-title\">MUT\u00b4s PLOMO<\/h3>\n\t\t\t\t\t\t\t\t\t\t\t\t\t\t\t\t\t\t\t<\/a>\n\t\t\t\t\t\t\t<\/li>\n\t\t\t\t\n\t\t\t\t<\/ul>\n<\/div><div class=\"yotu-pagination yotu-hide\">\n\t<a href=\"#\" class=\"yotu-pagination-more yotu-button-prs yotu-button-prs-3\" data-page=\"more\">Load more<\/a>\n<\/div>\n\t\t\t\t<\/div>\n\t\t\t<\/div>\n\t\t\t\n","protected":false},"excerpt":{"rendered":"","protected":false},"author":1,"featured_media":0,"parent":0,"menu_order":0,"comment_status":"closed","ping_status":"closed","template":"templates\/cocktails.php","meta":{"_acf_changed":false,"footnotes":""},"class_list":["post-1124","page","type-page","status-publish","hentry"],"acf":[],"yoast_head":"<!-- This site is optimized with the Yoast SEO plugin v27.1.1 - https:\/\/yoast.com\/product\/yoast-seo-wordpress\/ -->\n<title>Cocktails - Plata o Plomo Liqueur<\/title>\n<meta name=\"description\" content=\"Cocktails con tu bebida favorita, Plata o Plomo; porque, el d\u00eda que vayas a hacer algo malo, hazlo bien hecho. Plomo Kultura\" \/>\n<meta name=\"robots\" content=\"index, follow, max-snippet:-1, max-image-preview:large, max-video-preview:-1\" \/>\n<link rel=\"canonical\" href=\"https:\/\/licorplataoplomo.com\/en\/cocktails\/\" \/>\n<meta property=\"og:locale\" content=\"en_US\" \/>\n<meta property=\"og:type\" content=\"article\" \/>\n<meta property=\"og:title\" content=\"Cocktails - Plata o Plomo Liqueur\" \/>\n<meta property=\"og:description\" content=\"Cocktails con tu bebida favorita, Plata o Plomo; porque, el d\u00eda que vayas a hacer algo malo, hazlo bien hecho. Plomo Kultura\" \/>\n<meta property=\"og:url\" content=\"https:\/\/licorplataoplomo.com\/en\/cocktails\/\" \/>\n<meta property=\"og:site_name\" content=\"Plata o Plomo Liqueur\" \/>\n<meta property=\"article:publisher\" content=\"https:\/\/www.facebook.com\/licorplataoplomo\" \/>\n<meta property=\"article:modified_time\" content=\"2023-02-28T12:26:07+00:00\" \/>\n<meta property=\"og:image\" content=\"https:\/\/licorplataoplomo.com\/wp-content\/uploads\/2020\/09\/pack-camiseta-botella-plata-o-plomo-1.jpg\" \/>\n\t<meta property=\"og:image:width\" content=\"1250\" \/>\n\t<meta property=\"og:image:height\" content=\"1555\" \/>\n\t<meta property=\"og:image:type\" content=\"image\/jpeg\" \/>\n<meta name=\"twitter:card\" content=\"summary_large_image\" \/>\n<meta name=\"twitter:label1\" content=\"Est. reading time\" \/>\n\t<meta name=\"twitter:data1\" content=\"1 minute\" \/>\n<script type=\"application\/ld+json\" class=\"yoast-schema-graph\">{\"@context\":\"https:\/\/schema.org\",\"@graph\":[{\"@type\":\"WebPage\",\"@id\":\"https:\/\/licorplataoplomo.com\/en\/cocktails\/\",\"url\":\"https:\/\/licorplataoplomo.com\/en\/cocktails\/\",\"name\":\"Cocktails - Plata o Plomo Liqueur\",\"isPartOf\":{\"@id\":\"https:\/\/licorplataoplomo.com\/en\/#website\"},\"datePublished\":\"2023-02-27T11:58:20+00:00\",\"dateModified\":\"2023-02-28T12:26:07+00:00\",\"description\":\"Cocktails con tu bebida favorita, Plata o Plomo; porque, el d\u00eda que vayas a hacer algo malo, hazlo bien hecho. Plomo Kultura\",\"breadcrumb\":{\"@id\":\"https:\/\/licorplataoplomo.com\/en\/cocktails\/#breadcrumb\"},\"inLanguage\":\"en-US\",\"potentialAction\":[{\"@type\":\"ReadAction\",\"target\":[\"https:\/\/licorplataoplomo.com\/en\/cocktails\/\"]}]},{\"@type\":\"BreadcrumbList\",\"@id\":\"https:\/\/licorplataoplomo.com\/en\/cocktails\/#breadcrumb\",\"itemListElement\":[{\"@type\":\"ListItem\",\"position\":1,\"name\":\"Cover\",\"item\":\"https:\/\/licorplataoplomo.com\/en\/\"},{\"@type\":\"ListItem\",\"position\":2,\"name\":\"Cocktails\"}]},{\"@type\":\"WebSite\",\"@id\":\"https:\/\/licorplataoplomo.com\/en\/#website\",\"url\":\"https:\/\/licorplataoplomo.com\/en\/\",\"name\":\"Licor Plata o Plomo\",\"description\":\"Between the bullet (plomo) and the bribe (plata), we always choose the bullet\",\"publisher\":{\"@id\":\"https:\/\/licorplataoplomo.com\/en\/#organization\"},\"alternateName\":\"Plata o Plomo\",\"potentialAction\":[{\"@type\":\"SearchAction\",\"target\":{\"@type\":\"EntryPoint\",\"urlTemplate\":\"https:\/\/licorplataoplomo.com\/en\/?s={search_term_string}\"},\"query-input\":{\"@type\":\"PropertyValueSpecification\",\"valueRequired\":true,\"valueName\":\"search_term_string\"}}],\"inLanguage\":\"en-US\"},{\"@type\":\"Organization\",\"@id\":\"https:\/\/licorplataoplomo.com\/en\/#organization\",\"name\":\"Plata o Plomo\",\"url\":\"https:\/\/licorplataoplomo.com\/en\/\",\"logo\":{\"@type\":\"ImageObject\",\"inLanguage\":\"en-US\",\"@id\":\"https:\/\/licorplataoplomo.com\/en\/#\/schema\/logo\/image\/\",\"url\":\"https:\/\/licorplataoplomo.com\/wp-content\/uploads\/2020\/09\/plata-o-plomo.png\",\"contentUrl\":\"https:\/\/licorplataoplomo.com\/wp-content\/uploads\/2020\/09\/plata-o-plomo.png\",\"width\":400,\"height\":272,\"caption\":\"Plata o Plomo\"},\"image\":{\"@id\":\"https:\/\/licorplataoplomo.com\/en\/#\/schema\/logo\/image\/\"},\"sameAs\":[\"https:\/\/www.facebook.com\/licorplataoplomo\",\"https:\/\/www.instagram.com\/licorplataoplomo\/\"]}]}<\/script>\n<!-- \/ Yoast SEO plugin. -->","yoast_head_json":{"title":"Cocktails - Plata o Plomo Liqueur","description":"Cocktails con tu bebida favorita, Plata o Plomo; porque, el d\u00eda que vayas a hacer algo malo, hazlo bien hecho. Plomo Kultura","robots":{"index":"index","follow":"follow","max-snippet":"max-snippet:-1","max-image-preview":"max-image-preview:large","max-video-preview":"max-video-preview:-1"},"canonical":"https:\/\/licorplataoplomo.com\/en\/cocktails\/","og_locale":"en_US","og_type":"article","og_title":"Cocktails - Plata o Plomo Liqueur","og_description":"Cocktails con tu bebida favorita, Plata o Plomo; porque, el d\u00eda que vayas a hacer algo malo, hazlo bien hecho. Plomo Kultura","og_url":"https:\/\/licorplataoplomo.com\/en\/cocktails\/","og_site_name":"Plata o Plomo Liqueur","article_publisher":"https:\/\/www.facebook.com\/licorplataoplomo","article_modified_time":"2023-02-28T12:26:07+00:00","og_image":[{"width":1250,"height":1555,"url":"https:\/\/licorplataoplomo.com\/wp-content\/uploads\/2020\/09\/pack-camiseta-botella-plata-o-plomo-1.jpg","type":"image\/jpeg"}],"twitter_card":"summary_large_image","twitter_misc":{"Est. reading time":"1 minute"},"schema":{"@context":"https:\/\/schema.org","@graph":[{"@type":"WebPage","@id":"https:\/\/licorplataoplomo.com\/en\/cocktails\/","url":"https:\/\/licorplataoplomo.com\/en\/cocktails\/","name":"Cocktails - Plata o Plomo Liqueur","isPartOf":{"@id":"https:\/\/licorplataoplomo.com\/en\/#website"},"datePublished":"2023-02-27T11:58:20+00:00","dateModified":"2023-02-28T12:26:07+00:00","description":"Cocktails con tu bebida favorita, Plata o Plomo; porque, el d\u00eda que vayas a hacer algo malo, hazlo bien hecho. Plomo Kultura","breadcrumb":{"@id":"https:\/\/licorplataoplomo.com\/en\/cocktails\/#breadcrumb"},"inLanguage":"en-US","potentialAction":[{"@type":"ReadAction","target":["https:\/\/licorplataoplomo.com\/en\/cocktails\/"]}]},{"@type":"BreadcrumbList","@id":"https:\/\/licorplataoplomo.com\/en\/cocktails\/#breadcrumb","itemListElement":[{"@type":"ListItem","position":1,"name":"Cover","item":"https:\/\/licorplataoplomo.com\/en\/"},{"@type":"ListItem","position":2,"name":"Cocktails"}]},{"@type":"WebSite","@id":"https:\/\/licorplataoplomo.com\/en\/#website","url":"https:\/\/licorplataoplomo.com\/en\/","name":"Licor Plata o Plomo","description":"Between the bullet (plomo) and the bribe (plata), we always choose the bullet","publisher":{"@id":"https:\/\/licorplataoplomo.com\/en\/#organization"},"alternateName":"Plata o Plomo","potentialAction":[{"@type":"SearchAction","target":{"@type":"EntryPoint","urlTemplate":"https:\/\/licorplataoplomo.com\/en\/?s={search_term_string}"},"query-input":{"@type":"PropertyValueSpecification","valueRequired":true,"valueName":"search_term_string"}}],"inLanguage":"en-US"},{"@type":"Organization","@id":"https:\/\/licorplataoplomo.com\/en\/#organization","name":"Plata o Plomo","url":"https:\/\/licorplataoplomo.com\/en\/","logo":{"@type":"ImageObject","inLanguage":"en-US","@id":"https:\/\/licorplataoplomo.com\/en\/#\/schema\/logo\/image\/","url":"https:\/\/licorplataoplomo.com\/wp-content\/uploads\/2020\/09\/plata-o-plomo.png","contentUrl":"https:\/\/licorplataoplomo.com\/wp-content\/uploads\/2020\/09\/plata-o-plomo.png","width":400,"height":272,"caption":"Plata o Plomo"},"image":{"@id":"https:\/\/licorplataoplomo.com\/en\/#\/schema\/logo\/image\/"},"sameAs":["https:\/\/www.facebook.com\/licorplataoplomo","https:\/\/www.instagram.com\/licorplataoplomo\/"]}]}},"_links":{"self":[{"href":"https:\/\/licorplataoplomo.com\/en\/wp-json\/wp\/v2\/pages\/1124","targetHints":{"allow":["GET"]}}],"collection":[{"href":"https:\/\/licorplataoplomo.com\/en\/wp-json\/wp\/v2\/pages"}],"about":[{"href":"https:\/\/licorplataoplomo.com\/en\/wp-json\/wp\/v2\/types\/page"}],"author":[{"embeddable":true,"href":"https:\/\/licorplataoplomo.com\/en\/wp-json\/wp\/v2\/users\/1"}],"replies":[{"embeddable":true,"href":"https:\/\/licorplataoplomo.com\/en\/wp-json\/wp\/v2\/comments?post=1124"}],"version-history":[{"count":0,"href":"https:\/\/licorplataoplomo.com\/en\/wp-json\/wp\/v2\/pages\/1124\/revisions"}],"wp:attachment":[{"href":"https:\/\/licorplataoplomo.com\/en\/wp-json\/wp\/v2\/media?parent=1124"}],"curies":[{"name":"wp","href":"https:\/\/api.w.org\/{rel}","templated":true}]}}