{"id":237,"date":"2020-09-02T11:08:12","date_gmt":"2020-09-02T11:08:12","guid":{"rendered":"https:\/\/licorplataoplomo.com\/politica-privacidad\/"},"modified":"2021-02-24T09:18:21","modified_gmt":"2021-02-24T09:18:21","slug":"privacy-policy-and-data-protection","status":"publish","type":"page","link":"https:\/\/licorplataoplomo.com\/en\/privacy-policy-and-data-protection\/","title":{"rendered":"Privacy Policy"},"content":{"rendered":"<p><b>Beunza Sistemas De Distribucion S.L. <\/b>(en adelante, <b>PLATA O PLOMO<\/b>), conforme a la Ley Org\u00e1nica 3\/2018, de 5 de diciembre, de Protecci\u00f3n de Datos Personales y Garant\u00eda de Derechos Digitales (LOPDGDD) y del Reglamento Europeo 2016\/679, de 27 de abril relativo a la protecci\u00f3n de las personas f\u00edsicas en lo que respecta al tratamiento de datos personales y a la libre circulaci\u00f3n de estos datos (RGPD), pone en conocimiento de los usuarios de la p\u00e1gina web <a href=\"mailto:%73%69%6e%6di%65d%6f&#064;%6c%69&#099;&#111;%72pl%61%74a&#111;p%6co&#109;o%2e%63&#111;%6d\">&#115;i&#110;m&#105;e&#100;o&#064;&#108;&#105;cor&#112;l&#097;&#116;&#097;o&#112;lom&#111;.&#099;o&#109;<\/a>, (en adelante, la p\u00e1gina web), la Pol\u00edtica de Privacidad y Protecci\u00f3n de Datos que aplicar\u00e1 en el tratamiento de los datos personales que el Usuario facilite voluntariamente al acceder a su web o a la correspondiente aplicaci\u00f3n m\u00f3vil.<\/p>\n<p>El Usuario, al proporcionar a <b>PLATA O PLOMO<\/b> sus datos de car\u00e1cter personal a trav\u00e9s de los formularios electr\u00f3nicos de la Web y en su caso, a trav\u00e9s de la marcaci\u00f3n de la correspondiente casilla de aceptaci\u00f3n, consiente expresamente que <b>PLATA O PLOMO<\/b> pueda tratar esos datos en los t\u00e9rminos de esta cl\u00e1usula de Pol\u00edtica de Privacidad y Protecci\u00f3n de Datos y para los fines aqu\u00ed expresados.<\/p>\n<p><b>PLATA O PLOMO<\/b> pone en conocimiento de los usuarios de la P\u00e1gina web, que sus datos de car\u00e1cter personal s\u00f3lo podr\u00e1n obtenerse para su tratamiento cuando sean adecuados, pertinentes y no excesivos en relaci\u00f3n con el \u00e1mbito y las finalidades determinadas, expl\u00edcitas y leg\u00edtimas para las que se hayan obtenido. Ser\u00e1n cancelados cuando hayan dejado de ser necesarios o pertinentes para dicha finalidad o cuando lo solicite el titular en el ejercicio de su derecho de cancelaci\u00f3n, siempre que no est\u00e9n sujetos a cumplimientos de plazos legales de conservaci\u00f3n.<\/p>\n<p><b>PLATA O PLOMO<\/b> manifiesta su compromiso de cumplir con la legislaci\u00f3n vigente en cada momento en materia de protecci\u00f3n de datos.<\/p>\n<p>Los datos personales facilitados ser\u00e1n tratados por la <b>PLATA O PLOMO<\/b> y se utilizar\u00e1n de acuerdo con la siguiente informaci\u00f3n.<\/p>\n<h2>\u00bfQu\u00e9 datos de car\u00e1cter personal recabamos a trav\u00e9s de la p\u00e1gina web<\/h2>\n<p>Podemos recabar o recibir sus datos a trav\u00e9s de su visita a la P\u00e1gina web o derivada de su interacci\u00f3n con nosotros mediante la cumplimentaci\u00f3n de formularios y cuestionarios ubicados en las diferentes secciones de la p\u00e1gina web con la finalidad de enviarnos sus solicitudes de informaci\u00f3n, peticiones, registrar su alta, tramitar su curr\u00edculo, etc.<\/p>\n<p>En algunos casos, los datos de car\u00e1cter personal son facilitados directamente por el usuario al suscribirse a nuestra Newsletter o bolet\u00edn de noticias, cuando contacta con nosotros a trav\u00e9s de los canales habilitados, responde a encuestas, se suscribe a nuestros perfiles de redes sociales o interact\u00faa con nosotros a trav\u00e9s de dichos perfiles mediante comentarios, opiniones o compartiendo los contenidos publicados en cada perfil. Asimismo, para la participaci\u00f3n de la oferta laboral de <b>PLATA O PLOMO<\/b>.<\/p>\n<p>En otros casos, los datos de car\u00e1cter personal se obtienen de manera indirecta del usuario con finalidades meramente estad\u00edsticas para poder analizar el uso que realiza de nuestra P\u00e1gina web.<\/p>\n<p>A continuaci\u00f3n encontrar\u00e1 informaci\u00f3n m\u00e1s detallada sobre el tratamiento de sus datos de car\u00e1cter personal, incluy\u00e9ndose los siguientes ep\u00edgrafes:<\/p>\n<ul>\n<li><b>Finalidades principales<\/b>: VENTA DE BEBIDA ALCOH\u00d3LICA Y PRODUCTOS RELACIONADOS<\/li>\n<li><b>Legitimaci\u00f3n:<\/b> El consentimiento de los clientes mediante el marcado de la casilla de verificaci\u00f3n y el bot\u00f3n de enviar.<\/li>\n<li><b>Plazos de conservaci\u00f3n:<\/b> Los datos personales se conservar\u00e1n por el tiempo exclusivo para dar cumplimiento a la finalidad para la que fueron recabadas y mientras no prescriban los derechos que pueda ejercitar contra el responsable, salvo norma que disponga un plazo superior.<\/li>\n<li><b>Destinatarios<\/b>: los clientes o personas de contacto a trav\u00e9s de la web.<\/li>\n<li><b>Derechos de los interesados:<\/b> Los interesados podr\u00e1n ejercer los derechos de acceso, rectificaci\u00f3n, cancelaci\u00f3n, supresi\u00f3n, oposici\u00f3n, limitaci\u00f3n y portabilidad de sus datos, dirigi\u00e9ndose por escrito a <b>Beunza Sistemas De Distribucion S.L.<\/b> en Pol. Ind. Morea Sur, Nave 96, Beri\u00e1in (Navarra) o al correo electr\u00f3nico <a href=\"mailto:%73%69&#110;%6d&#105;%65do%40&#108;%69&#099;o&#114;&#112;&#108;a&#116;ao&#112;l&#111;&#109;o&#046;c%6fm\">sin&#109;&#105;&#101;d&#111;&#064;l&#105;c&#111;&#114;&#112;&#108;&#097;t&#097;&#111;&#112;lo&#109;o&#046;&#099;&#111;m<\/a>. As\u00ed mismo, tiene la posibilidad de presentar reclamaci\u00f3n ante la Agencia Espa\u00f1ola de Protecci\u00f3n de Datos (AEPD) a trav\u00e9s de su web <a href=\"http:\/\/www.aepd.es\">www.aepd.es<\/a>.<\/li>\n<\/ul>\n<h2>Informaci\u00f3n sobre la Pol\u00edtica de Tratamiento de Datos de Car\u00e1cter Personal<\/h2>\n<ul>\n<li>Denominaci\u00f3n social: <b>Beunza Sistemas De Distribucion S.L.<\/b><\/li>\n<li>NIF: B31716780<\/li>\n<li>Direcci\u00f3n: Pol. Ind. Morea Sur, Nave 96, Beri\u00e1in (Navarra)<\/li>\n<li>Email para solicitar informaci\u00f3n y como medio de contacto: <a href=\"mailto:s%69%6e%6die%64o%40%6ci&#099;%6f&#114;%70&#108;at%61o&#112;&#108;o%6d%6f.&#099;om\">s&#105;n&#109;&#105;e&#100;&#111;&#064;l&#105;&#099;o&#114;p&#108;&#097;&#116;&#097;oplom&#111;.c&#111;&#109;<\/a>.<\/li>\n<\/ul>\n<h2>Finalidades Principales<\/h2>\n<ul>\n<li>Administraci\u00f3n y gesti\u00f3n de los usuarios de la P\u00e1gina web.<\/li>\n<li>Gesti\u00f3n de las suscripciones a noticias y boletines de noticias.<\/li>\n<li>Atender la solicitud de informaci\u00f3n demandada a trav\u00e9s de los medios puestos a disposici\u00f3n de los usuarios.<\/li>\n<li>Interacci\u00f3n con los clientes a trav\u00e9s de APPS de <b>PLATA O PLOMO<\/b> e interacci\u00f3n con nosotros en las p\u00e1gina webs de nuestros perfiles en las redes sociales identificadas en la P\u00e1gina web.<\/li>\n<li>Tramitaci\u00f3n de las reclamaciones, quejas y sugerencias.<\/li>\n<li>Mantener el login de usuario registrado, proporcionar estad\u00edsticas asociadas al uso de la P\u00e1gina web, ubicaci\u00f3n de nuestras oficinas y sistemas antispam (captcha).<\/li>\n<li>Env\u00edo de comunicaciones o informaci\u00f3n expresamente solicitadas.<\/li>\n<li>Realizaci\u00f3n de encuestas de satisfacci\u00f3n de los servicios recibidos para una correcta gesti\u00f3n de los procesos de calidad y mejora de los mismos.<\/li>\n<li>Uso con fines estad\u00edsticos a efectos de analizar el comportamiento y las tendencias de los Usuarios y analizar c\u00f3mo mejorar los servicios que prestamos a los Usuarios.<\/li>\n<li>Detectar e investigar fraudes, as\u00ed como otras actividades ilegales y quebrantamientos potenciales de nuestras Pol\u00edticas de Privacidad, Aviso Legal y\/o Condiciones de Uso.<\/li>\n<\/ul>\n<p>En caso de no facilitar los datos necesarios para estas finalidades no se le podr\u00e1n prestar nuestros servicios.<\/p>\n<h2>Legitimaci\u00f3n y Conservaci\u00f3n<\/h2>\n<ul>\n<li>La base jur\u00eddica para el tratamiento de los datos se corresponde con el consentimiento prestado por el Usuario al cumplimentar los datos y la marcaci\u00f3n de las casillas de aceptaci\u00f3n correspondientes, as\u00ed como el env\u00edo de los diferentes formularios, solicitudes, cuestionarios de los diferentes servicios y alta y registro.<\/li>\n<li>En virtud legal para el cumplimiento de obligaciones normativas aplicables a cada caso, entre otras, normativa en materia de consumo, Ley de Sociedad de Servicios de la Informaci\u00f3n y normativa aplicable en materia de protecci\u00f3n de datos de car\u00e1cter personal aqu\u00ed informada.<\/li>\n<li>Para el mantenimiento de las relaciones establecidas entre usuarios, clientes y proveedores de <b>PLATA O PLOMO<\/b>.<\/li>\n<li>Inter\u00e9s leg\u00edtimo para la defensa de <b>PLATA O PLOMO<\/b> ante posibles acciones legales.<\/li>\n<li>La base jur\u00eddica para el tratamiento de los datos se corresponde con el consentimiento prestado por el Usuario al cumplimentar los datos y la marcaci\u00f3n de las casillas de aceptaci\u00f3n correspondientes, as\u00ed como el env\u00edo de los diferentes formularios, solicitudes, cuestionarios de los diferentes servicios y alta y registro.<\/li>\n<li>En virtud legal para el cumplimiento de obligaciones normativas aplicables a cada caso, entre otras, Ley de Sociedad de Servicios de la Informaci\u00f3n y normativa aplicable en materia de protecci\u00f3n de datos de car\u00e1cter personal aqu\u00ed informada.<\/li>\n<li>Para el mantenimiento de las relaciones establecidas entre usuarios, clientes y proveedores de <b>PLATA O PLOMO<\/b>.<\/li>\n<li>Inter\u00e9s leg\u00edtimo para la defensa de <b>PLATA O PLOMO<\/b> ante posibles acciones legales.<\/li>\n<li>Los campos de los formularios marcados con un asterisco (*) incluidos en la P\u00e1gina web tienen la consideraci\u00f3n de campos obligatorios para poder atender su solicitud o la valoraci\u00f3n de la informaci\u00f3n que nos desee facilitar.<\/li>\n<li>Los plazos de conservaci\u00f3n son:\n<ul>\n<li>Los datos se conservar\u00e1n en virtud del cumplimiento de plazos legales seg\u00fan normativa mercantil, sectorial y en cualquier caso en cumplimiento de plazos legales de prescripci\u00f3n de posibles acciones legales.<\/li>\n<li>Los datos de contacto se conservar\u00e1n mientras se mantenga la relaci\u00f3n y no se solicite su supresi\u00f3n.<\/li>\n<li>Los datos asociados a su interacci\u00f3n en los perfiles corporativos de redes sociales se conservar\u00e1n durante el plazo que usted habilite en dicha red social a sus publicaciones.<\/li>\n<li>Los datos de conservaci\u00f3n para finalidades comerciales se conservar\u00e1n de forma indefinida mientras no se solicite su supresi\u00f3n.<\/li>\n<li>Los datos en relaci\u00f3n con la entrega de curr\u00edculos y participaci\u00f3n en la bolsa de trabajo se conservar\u00e1n 2 a\u00f1os.<\/li>\n<\/ul>\n<\/li>\n<\/ul>\n<p>En todo caso, los datos se conservar\u00e1n durante plazos legales de prescripci\u00f3n de posibles acciones legales.<\/p>\n<h2>Destinatarios de cesiones y transferencias internacionales<\/h2>\n<p>Est\u00e1n previstas las siguientes cesiones de datos:<\/p>\n<ul>\n<li>A Organismos de la Administraci\u00f3n P\u00fablica con competencia en materia de comunicaciones y prestaciones de servicios de la informaci\u00f3n y Organismos con competencia en materia de consumo para atender las posibles reclamaciones de los usuarios.<\/li>\n<li>Responsables de servicios de anal\u00edtica web: La P\u00e1gina web tiene habilitados los servicios de Google Analytics prestados por Google LLC. La interacci\u00f3n con los usuarios por el uso de dicha herramienta implica la transferencia internacional de datos, de tipo anal\u00edtico y t\u00e9cnico en relaci\u00f3n con la P\u00e1gina web.<\/li>\n<\/ul>\n<h2>Derechos de los interesados<\/h2>\n<p>Los interesados pueden ejercitar sus derechos de acceso, rectificaci\u00f3n, supresi\u00f3n, portabilidad y la limitaci\u00f3n u oposici\u00f3n dirigi\u00e9ndose por escrito a <b>Beunza Sistemas De Distribucion S.L.<\/b>, con direcci\u00f3n en Pol. Ind. Morea Sur, Nave 96, Beri\u00e1in (Navarra), o mediante el env\u00edo de un correo electr\u00f3nico a la siguiente direcci\u00f3n: <a href=\"mailto:%73i%6em%69ed%6f%40&#108;%69%63&#111;rp&#108;%61taop&#108;o&#109;o.&#099;&#111;%6d\">s&#105;n&#109;&#105;&#101;d&#111;&#064;lic&#111;r&#112;l&#097;&#116;aoplom&#111;&#046;&#099;om<\/a>, aportando copia de DNI u otro documento identificativo.<\/p>\n<p>Los interesados tienen derecho a retirar el consentimiento prestado.<\/p>\n<p>Los interesados tienen derecho a reclamar ante la Autoridad de Control (Agencia Espa\u00f1ola de Protecci\u00f3n de Datos <a href=\"http:\/\/www.agpd.es\">www.agpd.es<\/a>).<\/p>\n<p>El usuario ser\u00e1 el \u00fanico responsable de la veracidad de los datos facilitados a <b>PLATA O PLOMO<\/b>.<\/p>\n<p><b>PLATA O PLOMO<\/b> adopta las medidas de \u00edndole t\u00e9cnica y organizativa necesarias para garantizar la seguridad de los datos de car\u00e1cter personal contenidos en los mismos y para evitar su alteraci\u00f3n, p\u00e9rdida, tratamiento o acceso no autorizado, habida cuenta del estado de la tecnolog\u00eda, la naturaleza de los datos y los riesgos a los que est\u00e1n expuestos.<\/p>\n<p>Por \u00faltimo, tambi\u00e9n puede verificar la presencia del certificado SSL comprobando las propiedades de la P\u00e1gina web en su navegador, para lo cual deber\u00e1 consultar las caracter\u00edsticas del mismo en el apartado Aviso Legal.<\/p>\n<p>Cualquier cambio realizado en la Pol\u00edtica de Privacidad y en las pr\u00e1cticas de administraci\u00f3n de la informaci\u00f3n se reflejar\u00e1 de forma oportuna, pudiendo <b>PLATA O PLOMO<\/b> agregar, modificar o eliminar dicha pol\u00edtica de privacidad cuando lo estime necesario.<\/p>\n<p>En ning\u00fan caso <b>PLATA O PLOMO<\/b> modificar\u00e1 las pol\u00edticas ni pr\u00e1cticas para hacerlas menos eficaces en la protecci\u00f3n de los datos personales de nuestros clientes almacenados anteriormente, sin el consentimiento previo de los clientes afectados.<\/p>\n","protected":false},"excerpt":{"rendered":"<p>Beunza Sistemas De Distribucion S.L. (en adelante, PLATA O PLOMO), conforme a la Ley Org\u00e1nica 3\/2018, de 5 de diciembre, de Protecci\u00f3n de Datos Personales y Garant\u00eda de Derechos Digitales (LOPDGDD) y del Reglamento Europeo 2016\/679, de 27 de abril relativo a la protecci\u00f3n de las personas f\u00edsicas en lo que respecta al tratamiento de [&hellip;]<\/p>\n","protected":false},"author":1,"featured_media":0,"parent":0,"menu_order":11,"comment_status":"closed","ping_status":"closed","template":"","meta":{"_acf_changed":false,"footnotes":""},"class_list":["post-237","page","type-page","status-publish","hentry"],"acf":[],"yoast_head":"<!-- This site is optimized with the Yoast SEO plugin v27.1.1 - https:\/\/yoast.com\/product\/yoast-seo-wordpress\/ -->\n<title>Privacy Policy - Plata o Plomo Liqueur<\/title>\n<meta name=\"robots\" content=\"index, follow, max-snippet:-1, max-image-preview:large, max-video-preview:-1\" \/>\n<link rel=\"canonical\" href=\"https:\/\/licorplataoplomo.com\/en\/privacy-policy-and-data-protection\/\" \/>\n<meta property=\"og:locale\" content=\"en_US\" \/>\n<meta property=\"og:type\" content=\"article\" \/>\n<meta property=\"og:title\" content=\"Privacy Policy - Plata o Plomo Liqueur\" \/>\n<meta property=\"og:description\" content=\"Beunza Sistemas De Distribucion S.L. (en adelante, PLATA O PLOMO), conforme a la Ley Org\u00e1nica 3\/2018, de 5 de diciembre, de Protecci\u00f3n de Datos Personales y Garant\u00eda de Derechos Digitales (LOPDGDD) y del Reglamento Europeo 2016\/679, de 27 de abril relativo a la protecci\u00f3n de las personas f\u00edsicas en lo que respecta al tratamiento de [&hellip;]\" \/>\n<meta property=\"og:url\" content=\"https:\/\/licorplataoplomo.com\/en\/privacy-policy-and-data-protection\/\" \/>\n<meta property=\"og:site_name\" content=\"Plata o Plomo Liqueur\" \/>\n<meta property=\"article:publisher\" content=\"https:\/\/www.facebook.com\/licorplataoplomo\" \/>\n<meta property=\"article:modified_time\" content=\"2021-02-24T09:18:21+00:00\" \/>\n<meta property=\"og:image\" content=\"https:\/\/licorplataoplomo.com\/wp-content\/uploads\/2020\/09\/pack-camiseta-botella-plata-o-plomo-1.jpg\" \/>\n\t<meta property=\"og:image:width\" content=\"1250\" \/>\n\t<meta property=\"og:image:height\" content=\"1555\" \/>\n\t<meta property=\"og:image:type\" content=\"image\/jpeg\" \/>\n<meta name=\"twitter:card\" content=\"summary_large_image\" \/>\n<meta name=\"twitter:label1\" content=\"Est. reading time\" \/>\n\t<meta name=\"twitter:data1\" content=\"8 minutes\" \/>\n<script type=\"application\/ld+json\" class=\"yoast-schema-graph\">{\"@context\":\"https:\/\/schema.org\",\"@graph\":[{\"@type\":\"WebPage\",\"@id\":\"https:\/\/licorplataoplomo.com\/en\/privacy-policy-and-data-protection\/\",\"url\":\"https:\/\/licorplataoplomo.com\/en\/privacy-policy-and-data-protection\/\",\"name\":\"Privacy Policy - Plata o Plomo Liqueur\",\"isPartOf\":{\"@id\":\"https:\/\/licorplataoplomo.com\/en\/#website\"},\"datePublished\":\"2020-09-02T11:08:12+00:00\",\"dateModified\":\"2021-02-24T09:18:21+00:00\",\"breadcrumb\":{\"@id\":\"https:\/\/licorplataoplomo.com\/en\/privacy-policy-and-data-protection\/#breadcrumb\"},\"inLanguage\":\"en-US\",\"potentialAction\":[{\"@type\":\"ReadAction\",\"target\":[\"https:\/\/licorplataoplomo.com\/en\/privacy-policy-and-data-protection\/\"]}]},{\"@type\":\"BreadcrumbList\",\"@id\":\"https:\/\/licorplataoplomo.com\/en\/privacy-policy-and-data-protection\/#breadcrumb\",\"itemListElement\":[{\"@type\":\"ListItem\",\"position\":1,\"name\":\"Cover\",\"item\":\"https:\/\/licorplataoplomo.com\/en\/\"},{\"@type\":\"ListItem\",\"position\":2,\"name\":\"Privacy Policy\"}]},{\"@type\":\"WebSite\",\"@id\":\"https:\/\/licorplataoplomo.com\/en\/#website\",\"url\":\"https:\/\/licorplataoplomo.com\/en\/\",\"name\":\"Licor Plata o Plomo\",\"description\":\"Between the bullet (plomo) and the bribe (plata), we always choose the bullet\",\"publisher\":{\"@id\":\"https:\/\/licorplataoplomo.com\/en\/#organization\"},\"alternateName\":\"Plata o Plomo\",\"potentialAction\":[{\"@type\":\"SearchAction\",\"target\":{\"@type\":\"EntryPoint\",\"urlTemplate\":\"https:\/\/licorplataoplomo.com\/en\/?s={search_term_string}\"},\"query-input\":{\"@type\":\"PropertyValueSpecification\",\"valueRequired\":true,\"valueName\":\"search_term_string\"}}],\"inLanguage\":\"en-US\"},{\"@type\":\"Organization\",\"@id\":\"https:\/\/licorplataoplomo.com\/en\/#organization\",\"name\":\"Plata o Plomo\",\"url\":\"https:\/\/licorplataoplomo.com\/en\/\",\"logo\":{\"@type\":\"ImageObject\",\"inLanguage\":\"en-US\",\"@id\":\"https:\/\/licorplataoplomo.com\/en\/#\/schema\/logo\/image\/\",\"url\":\"https:\/\/licorplataoplomo.com\/wp-content\/uploads\/2020\/09\/plata-o-plomo.png\",\"contentUrl\":\"https:\/\/licorplataoplomo.com\/wp-content\/uploads\/2020\/09\/plata-o-plomo.png\",\"width\":400,\"height\":272,\"caption\":\"Plata o Plomo\"},\"image\":{\"@id\":\"https:\/\/licorplataoplomo.com\/en\/#\/schema\/logo\/image\/\"},\"sameAs\":[\"https:\/\/www.facebook.com\/licorplataoplomo\",\"https:\/\/www.instagram.com\/licorplataoplomo\/\"]}]}<\/script>\n<!-- \/ Yoast SEO plugin. -->","yoast_head_json":{"title":"Privacy Policy - Plata o Plomo Liqueur","robots":{"index":"index","follow":"follow","max-snippet":"max-snippet:-1","max-image-preview":"max-image-preview:large","max-video-preview":"max-video-preview:-1"},"canonical":"https:\/\/licorplataoplomo.com\/en\/privacy-policy-and-data-protection\/","og_locale":"en_US","og_type":"article","og_title":"Privacy Policy - Plata o Plomo Liqueur","og_description":"Beunza Sistemas De Distribucion S.L. (en adelante, PLATA O PLOMO), conforme a la Ley Org\u00e1nica 3\/2018, de 5 de diciembre, de Protecci\u00f3n de Datos Personales y Garant\u00eda de Derechos Digitales (LOPDGDD) y del Reglamento Europeo 2016\/679, de 27 de abril relativo a la protecci\u00f3n de las personas f\u00edsicas en lo que respecta al tratamiento de [&hellip;]","og_url":"https:\/\/licorplataoplomo.com\/en\/privacy-policy-and-data-protection\/","og_site_name":"Plata o Plomo Liqueur","article_publisher":"https:\/\/www.facebook.com\/licorplataoplomo","article_modified_time":"2021-02-24T09:18:21+00:00","og_image":[{"width":1250,"height":1555,"url":"https:\/\/licorplataoplomo.com\/wp-content\/uploads\/2020\/09\/pack-camiseta-botella-plata-o-plomo-1.jpg","type":"image\/jpeg"}],"twitter_card":"summary_large_image","twitter_misc":{"Est. reading time":"8 minutes"},"schema":{"@context":"https:\/\/schema.org","@graph":[{"@type":"WebPage","@id":"https:\/\/licorplataoplomo.com\/en\/privacy-policy-and-data-protection\/","url":"https:\/\/licorplataoplomo.com\/en\/privacy-policy-and-data-protection\/","name":"Privacy Policy - Plata o Plomo Liqueur","isPartOf":{"@id":"https:\/\/licorplataoplomo.com\/en\/#website"},"datePublished":"2020-09-02T11:08:12+00:00","dateModified":"2021-02-24T09:18:21+00:00","breadcrumb":{"@id":"https:\/\/licorplataoplomo.com\/en\/privacy-policy-and-data-protection\/#breadcrumb"},"inLanguage":"en-US","potentialAction":[{"@type":"ReadAction","target":["https:\/\/licorplataoplomo.com\/en\/privacy-policy-and-data-protection\/"]}]},{"@type":"BreadcrumbList","@id":"https:\/\/licorplataoplomo.com\/en\/privacy-policy-and-data-protection\/#breadcrumb","itemListElement":[{"@type":"ListItem","position":1,"name":"Cover","item":"https:\/\/licorplataoplomo.com\/en\/"},{"@type":"ListItem","position":2,"name":"Privacy Policy"}]},{"@type":"WebSite","@id":"https:\/\/licorplataoplomo.com\/en\/#website","url":"https:\/\/licorplataoplomo.com\/en\/","name":"Licor Plata o Plomo","description":"Between the bullet (plomo) and the bribe (plata), we always choose the bullet","publisher":{"@id":"https:\/\/licorplataoplomo.com\/en\/#organization"},"alternateName":"Plata o Plomo","potentialAction":[{"@type":"SearchAction","target":{"@type":"EntryPoint","urlTemplate":"https:\/\/licorplataoplomo.com\/en\/?s={search_term_string}"},"query-input":{"@type":"PropertyValueSpecification","valueRequired":true,"valueName":"search_term_string"}}],"inLanguage":"en-US"},{"@type":"Organization","@id":"https:\/\/licorplataoplomo.com\/en\/#organization","name":"Plata o Plomo","url":"https:\/\/licorplataoplomo.com\/en\/","logo":{"@type":"ImageObject","inLanguage":"en-US","@id":"https:\/\/licorplataoplomo.com\/en\/#\/schema\/logo\/image\/","url":"https:\/\/licorplataoplomo.com\/wp-content\/uploads\/2020\/09\/plata-o-plomo.png","contentUrl":"https:\/\/licorplataoplomo.com\/wp-content\/uploads\/2020\/09\/plata-o-plomo.png","width":400,"height":272,"caption":"Plata o Plomo"},"image":{"@id":"https:\/\/licorplataoplomo.com\/en\/#\/schema\/logo\/image\/"},"sameAs":["https:\/\/www.facebook.com\/licorplataoplomo","https:\/\/www.instagram.com\/licorplataoplomo\/"]}]}},"_links":{"self":[{"href":"https:\/\/licorplataoplomo.com\/en\/wp-json\/wp\/v2\/pages\/237","targetHints":{"allow":["GET"]}}],"collection":[{"href":"https:\/\/licorplataoplomo.com\/en\/wp-json\/wp\/v2\/pages"}],"about":[{"href":"https:\/\/licorplataoplomo.com\/en\/wp-json\/wp\/v2\/types\/page"}],"author":[{"embeddable":true,"href":"https:\/\/licorplataoplomo.com\/en\/wp-json\/wp\/v2\/users\/1"}],"replies":[{"embeddable":true,"href":"https:\/\/licorplataoplomo.com\/en\/wp-json\/wp\/v2\/comments?post=237"}],"version-history":[{"count":0,"href":"https:\/\/licorplataoplomo.com\/en\/wp-json\/wp\/v2\/pages\/237\/revisions"}],"wp:attachment":[{"href":"https:\/\/licorplataoplomo.com\/en\/wp-json\/wp\/v2\/media?parent=237"}],"curies":[{"name":"wp","href":"https:\/\/api.w.org\/{rel}","templated":true}]}}